{"id":10,"date":"2025-05-11T13:35:19","date_gmt":"2025-05-11T11:35:19","guid":{"rendered":"https:\/\/www.medicalteam87.fr\/index.php\/home\/"},"modified":"2025-05-11T16:02:52","modified_gmt":"2025-05-11T14:02:52","slug":"home","status":"publish","type":"page","link":"https:\/\/www.medicalteam87.fr\/","title":{"rendered":"Home"},"content":{"rendered":"","protected":false},"excerpt":{"rendered":"","protected":false},"author":1,"featured_media":0,"parent":0,"menu_order":0,"comment_status":"closed","ping_status":"closed","template":"templates\/template-homepage.php","meta":{"footnotes":""},"class_list":["post-10","page","type-page","status-publish","hentry"],"yoast_head":"<!-- This site is optimized with the Yoast SEO plugin v25.0 - https:\/\/yoast.com\/wordpress\/plugins\/seo\/ -->\n<title>Home - Medical Team 87<\/title>\n<meta name=\"robots\" content=\"index, follow, max-snippet:-1, max-image-preview:large, max-video-preview:-1\" \/>\n<link rel=\"canonical\" href=\"http:\/\/www.medicalteam87.fr\/\" \/>\n<meta property=\"og:locale\" content=\"en_US\" \/>\n<meta property=\"og:type\" content=\"article\" \/>\n<meta property=\"og:title\" content=\"Home - Medical Team 87\" \/>\n<meta property=\"og:url\" content=\"http:\/\/www.medicalteam87.fr\/\" \/>\n<meta property=\"og:site_name\" content=\"Medical Team 87\" \/>\n<meta property=\"article:modified_time\" content=\"2025-05-11T14:02:52+00:00\" \/>\n<meta name=\"twitter:card\" content=\"summary_large_image\" \/>\n<script type=\"application\/ld+json\" class=\"yoast-schema-graph\">{\"@context\":\"https:\/\/schema.org\",\"@graph\":[{\"@type\":\"WebPage\",\"@id\":\"http:\/\/www.medicalteam87.fr\/\",\"url\":\"http:\/\/www.medicalteam87.fr\/\",\"name\":\"Home - Medical Team 87\",\"isPartOf\":{\"@id\":\"http:\/\/www.medicalteam87.fr\/#website\"},\"datePublished\":\"2025-05-11T11:35:19+00:00\",\"dateModified\":\"2025-05-11T14:02:52+00:00\",\"breadcrumb\":{\"@id\":\"http:\/\/www.medicalteam87.fr\/#breadcrumb\"},\"inLanguage\":\"en-US\",\"potentialAction\":[{\"@type\":\"ReadAction\",\"target\":[\"http:\/\/www.medicalteam87.fr\/\"]}]},{\"@type\":\"BreadcrumbList\",\"@id\":\"http:\/\/www.medicalteam87.fr\/#breadcrumb\",\"itemListElement\":[{\"@type\":\"ListItem\",\"position\":1,\"name\":\"Accueil\",\"item\":\"http:\/\/www.medicalteam87.fr\/\"},{\"@type\":\"ListItem\",\"position\":2,\"name\":\"Home\"}]},{\"@type\":\"WebSite\",\"@id\":\"http:\/\/www.medicalteam87.fr\/#website\",\"url\":\"http:\/\/www.medicalteam87.fr\/\",\"name\":\"Medical Team 87\",\"description\":\"M\u00e9dicalisation d&#039;\u00e9v\u00e8nement en Haute Vienne\",\"publisher\":{\"@id\":\"http:\/\/www.medicalteam87.fr\/#organization\"},\"potentialAction\":[{\"@type\":\"SearchAction\",\"target\":{\"@type\":\"EntryPoint\",\"urlTemplate\":\"http:\/\/www.medicalteam87.fr\/?s={search_term_string}\"},\"query-input\":{\"@type\":\"PropertyValueSpecification\",\"valueRequired\":true,\"valueName\":\"search_term_string\"}}],\"inLanguage\":\"en-US\"},{\"@type\":\"Organization\",\"@id\":\"http:\/\/www.medicalteam87.fr\/#organization\",\"name\":\"Medical Team 87\",\"url\":\"http:\/\/www.medicalteam87.fr\/\",\"logo\":{\"@type\":\"ImageObject\",\"inLanguage\":\"en-US\",\"@id\":\"http:\/\/www.medicalteam87.fr\/#\/schema\/logo\/image\/\",\"url\":\"https:\/\/www.medicalteam87.fr\/wp-content\/uploads\/2025\/05\/logo-medical-team.png\",\"contentUrl\":\"https:\/\/www.medicalteam87.fr\/wp-content\/uploads\/2025\/05\/logo-medical-team.png\",\"width\":778,\"height\":412,\"caption\":\"Medical Team 87\"},\"image\":{\"@id\":\"http:\/\/www.medicalteam87.fr\/#\/schema\/logo\/image\/\"}}]}<\/script>\n<!-- \/ Yoast SEO plugin. -->","yoast_head_json":{"title":"Home - Medical Team 87","robots":{"index":"index","follow":"follow","max-snippet":"max-snippet:-1","max-image-preview":"max-image-preview:large","max-video-preview":"max-video-preview:-1"},"canonical":"http:\/\/www.medicalteam87.fr\/","og_locale":"en_US","og_type":"article","og_title":"Home - Medical Team 87","og_url":"http:\/\/www.medicalteam87.fr\/","og_site_name":"Medical Team 87","article_modified_time":"2025-05-11T14:02:52+00:00","twitter_card":"summary_large_image","schema":{"@context":"https:\/\/schema.org","@graph":[{"@type":"WebPage","@id":"http:\/\/www.medicalteam87.fr\/","url":"http:\/\/www.medicalteam87.fr\/","name":"Home - Medical Team 87","isPartOf":{"@id":"http:\/\/www.medicalteam87.fr\/#website"},"datePublished":"2025-05-11T11:35:19+00:00","dateModified":"2025-05-11T14:02:52+00:00","breadcrumb":{"@id":"http:\/\/www.medicalteam87.fr\/#breadcrumb"},"inLanguage":"en-US","potentialAction":[{"@type":"ReadAction","target":["http:\/\/www.medicalteam87.fr\/"]}]},{"@type":"BreadcrumbList","@id":"http:\/\/www.medicalteam87.fr\/#breadcrumb","itemListElement":[{"@type":"ListItem","position":1,"name":"Accueil","item":"http:\/\/www.medicalteam87.fr\/"},{"@type":"ListItem","position":2,"name":"Home"}]},{"@type":"WebSite","@id":"http:\/\/www.medicalteam87.fr\/#website","url":"http:\/\/www.medicalteam87.fr\/","name":"Medical Team 87","description":"M\u00e9dicalisation d&#039;\u00e9v\u00e8nement en Haute Vienne","publisher":{"@id":"http:\/\/www.medicalteam87.fr\/#organization"},"potentialAction":[{"@type":"SearchAction","target":{"@type":"EntryPoint","urlTemplate":"http:\/\/www.medicalteam87.fr\/?s={search_term_string}"},"query-input":{"@type":"PropertyValueSpecification","valueRequired":true,"valueName":"search_term_string"}}],"inLanguage":"en-US"},{"@type":"Organization","@id":"http:\/\/www.medicalteam87.fr\/#organization","name":"Medical Team 87","url":"http:\/\/www.medicalteam87.fr\/","logo":{"@type":"ImageObject","inLanguage":"en-US","@id":"http:\/\/www.medicalteam87.fr\/#\/schema\/logo\/image\/","url":"https:\/\/www.medicalteam87.fr\/wp-content\/uploads\/2025\/05\/logo-medical-team.png","contentUrl":"https:\/\/www.medicalteam87.fr\/wp-content\/uploads\/2025\/05\/logo-medical-team.png","width":778,"height":412,"caption":"Medical Team 87"},"image":{"@id":"http:\/\/www.medicalteam87.fr\/#\/schema\/logo\/image\/"}}]}},"_links":{"self":[{"href":"https:\/\/www.medicalteam87.fr\/index.php\/wp-json\/wp\/v2\/pages\/10","targetHints":{"allow":["GET"]}}],"collection":[{"href":"https:\/\/www.medicalteam87.fr\/index.php\/wp-json\/wp\/v2\/pages"}],"about":[{"href":"https:\/\/www.medicalteam87.fr\/index.php\/wp-json\/wp\/v2\/types\/page"}],"author":[{"embeddable":true,"href":"https:\/\/www.medicalteam87.fr\/index.php\/wp-json\/wp\/v2\/users\/1"}],"replies":[{"embeddable":true,"href":"https:\/\/www.medicalteam87.fr\/index.php\/wp-json\/wp\/v2\/comments?post=10"}],"version-history":[{"count":2,"href":"https:\/\/www.medicalteam87.fr\/index.php\/wp-json\/wp\/v2\/pages\/10\/revisions"}],"predecessor-version":[{"id":19,"href":"https:\/\/www.medicalteam87.fr\/index.php\/wp-json\/wp\/v2\/pages\/10\/revisions\/19"}],"wp:attachment":[{"href":"https:\/\/www.medicalteam87.fr\/index.php\/wp-json\/wp\/v2\/media?parent=10"}],"curies":[{"name":"wp","href":"https:\/\/api.w.org\/{rel}","templated":true}]}}